{"id":3,"date":"2026-01-04T14:06:16","date_gmt":"2026-01-04T13:06:16","guid":{"rendered":"https:\/\/radca-wrzosek.pl\/?page_id=3"},"modified":"2026-01-19T21:09:28","modified_gmt":"2026-01-19T20:09:28","slug":"polityka-prywatnosci","status":"publish","type":"page","link":"https:\/\/radca-wrzosek.pl\/?page_id=3","title":{"rendered":"Polityka prywatno\u015bci"},"content":{"rendered":"\n<p>Na&nbsp; podstawie&nbsp; art.&nbsp; 13 Rozporz\u0105dzenia Parlamentu Europejskiego i Rady (UE) 2016\/679 z dnia&nbsp; 27 kwietnia 2016 r. w sprawie ochrony os\u00f3b fizycznych w zwi\u0105zku z przetwarzaniem danych osobowych i w&nbsp; sprawie&nbsp; swobodnego&nbsp; przep\u0142ywu&nbsp; takich&nbsp; danych&nbsp; oraz&nbsp; uchylenia&nbsp; dyrektywy&nbsp; 95\/46\/WE&nbsp; (og\u00f3lne rozporz\u0105dzenie o ochronie danych) zwane dalej \u201eRODO\u201d informujemy, \u017ce:<\/p>\n\n\n\n<ol start=\"1\" class=\"wp-block-list\">\n<li>Administratorem Twoich danych osobowych przetwarzanych w ramach serwisu internetowego zamowieniowcy.pl oraz w zwi\u0105zku z jego funkcjonowaniem jest<strong>&nbsp;radca prawny Aleksandra Wrzosek&nbsp;<\/strong>prowadz\u0105ca Kancelari\u0119 Radcy Prawnego, ul. Cyfrowa 6, 71-441 Szczecin, NIP: 9552512027.<\/li>\n\n\n\n<li>Wszelkie informacje dotycz\u0105ce proces\u00f3w przetwarzania danych osobowych mo\u017cesz uzyska\u0107 pod adresem poczty e-mail: wrzosek.radcaprawny@gmail.com.<\/li>\n\n\n\n<li>Administrator zbiera Twoje dane osobowe za po\u015brednictwem plik\u00f3w cookies, a w przypadku przes\u0142ania wiadomo\u015bci e-mailowej \u2013 r\u00f3wnie\u017c w ten spos\u00f3b.<\/li>\n\n\n\n<li>Przy wykorzystaniu plik\u00f3w cookies Administrator przetwarza m.in nast\u0119puj\u0105ce dane osobowe: IP komputera, informacja zawarta w plikach cookies lub innych podobnych technologiach, dane dotycz\u0105ce sesji, dane przegl\u0105darki internetowej, dane dotycz\u0105ce urz\u0105dzenia oraz dane dotycz\u0105ce aktywno\u015bci w serwisie.<\/li>\n\n\n\n<li>W przypadku przes\u0142ania wiadomo\u015bci e-mail przetwarzaniu podlegaj\u0105 dane zawarte w wiadomo\u015bci, w szczeg\u00f3lno\u015bci adres e-mail oraz imi\u0119 i nazwisko<\/li>\n\n\n\n<li>Administrator wykorzystuje dane osobowe m.in. w celu udzielenia odpowiedzi na Twoje zapytanie, w celach marketingowych, odbycia konsultacji prawnych on-line, optymalizacji funkcjonowania strony www.zamowieniowcy.pl, archiwizacji korespondencji oraz ustalenia, dochodzenia b\u0105d\u017a obrony przed potencjalnymi roszczeniami.<\/li>\n\n\n\n<li>Przetwarzanie danych osobowych nast\u0119puje na podstawie:\n<ul class=\"wp-block-list\">\n<li>uprzedniej zgody u\u017cytkownika (art. 6 ust 1 lit a RODO) \u2013 w przypadku rozpocz\u0119cia korzystania z serwisu internetowego, wys\u0142ania wiadomo\u015bci email,<\/li>\n\n\n\n<li>uzasadnionego interesu administratora (art. 6 ust 1 lit f RODO) polegaj\u0105cego na m.in.: tworzeniu statystyk i ich analizie w celu optymalizacji strony internetowych, archiwizacji korespondencji oraz ustaleniu, dochodzeniu b\u0105d\u017a obrony przed potencjalnymi roszczeniami<\/li>\n<\/ul>\n<\/li>\n\n\n\n<li>Podane dane osobowe udost\u0119pnione b\u0119d\u0105:\n<ul class=\"wp-block-list\">\n<li>podmiotom wsp\u00f3\u0142pracuj\u0105cym z administratorem w zwi\u0105zku z realizacj\u0105 umowy, w tym podmiotom zajmuj\u0105cym si\u0119 profesjonaln\u0105 obs\u0142ug\u0105 prawn\u0105;<\/li>\n\n\n\n<li>podmiotom zewn\u0119trznym zapewniaj\u0105cym wsparcie z zakresu IT, b\u0105d\u017a \u015bwiadcz\u0105cym us\u0142ugi z zakresu IT, w tym Google LLC oraz Hotjar Limited<\/li>\n\n\n\n<li>operatorom pocztowym lub firmom kurierskim w zwi\u0105zku z realizacj\u0105 umowy;<\/li>\n\n\n\n<li>podmiotom uprawnionym do ich uzyskania, je\u015bli przepisy prawa tego wymagaj\u0105.<\/li>\n<\/ul>\n<\/li>\n\n\n\n<li>Przetwarzanie Twoich danych osobowych nast\u0119powa\u0107 b\u0119dzie do czasu cofni\u0119cia przez Ciebie zgody lub wniesienia sprzeciwu na przetwarzanie danych, za wyj\u0105tkiem danych wykorzystywanych w zwi\u0105zku z ustaleniem, dochodzeniem b\u0105d\u017a obron\u0105 przed potencjalnymi roszczeniami. W takim wypadku Twoje dane b\u0119d\u0105 przetwarzane do up\u0142ywu okresu przedawnienia potencjalnych roszcze\u0144 zgodnie kodeksem cywilnym albo zaspokojenia roszcze\u0144. Dane uzyskane za pomoc\u0105 plik\u00f3w cookies przetwarzane b\u0119d\u0105 przez czas nieokre\u015blony wy\u0142\u0105cznie w celach pomocniczych, s\u0142u\u017c\u0105cych do administrowania serwisem&nbsp;<a href=\"http:\/\/www.radca-wrzosek.pl\/\">www.radca-wrzosek.pl<\/a>&nbsp;.<\/li>\n\n\n\n<li>Odmowa wyra\u017cenia zgody na przetwarzanie danych osobowych w odniesieniu do:\n<ul class=\"wp-block-list\">\n<li>danych zawartych w plikach cookies \u2013 wi\u0105\u017ce si\u0119 z brakiem mo\u017cliwo\u015bci korzystania z serwisu internetowego<\/li>\n\n\n\n<li>pozosta\u0142ych danych \u2013 w zale\u017cno\u015bci od przypadku wi\u0105\u017ce si\u0119 z brakiem mo\u017cliwo\u015bci otrzymania odpowiedzi na zadane pytanie, otrzymania analizy umowy lub otrzymania wyliczenia korzy\u015bci zwi\u0105zanych z wytoczeniem pow\u00f3dztwa<\/li>\n<\/ul>\n<\/li>\n\n\n\n<li>Administrator nie mo\u017ce wykluczy\u0107, \u017ce Twoje dane osobowe pozyskane przy pomocy plik\u00f3w cookies zostan\u0105 przekazane do pa\u0144stwa trzeciego w zwi\u0105zku ze wsp\u00f3\u0142prac\u0105 z dostawcami us\u0142ug IT, jak na przyk\u0142ad Google LLC<\/li>\n\n\n\n<li>W zwi\u0105zku z przetwarzaniem Twoich danych osobowych, w przypadkach przewidzianych przepisami prawa, posiadasz nast\u0119puj\u0105ce uprawnienia:\n<ul class=\"wp-block-list\">\n<li>dost\u0119pu do swoich danych osobowych (art. 15 RODO),<\/li>\n\n\n\n<li>sprostowania swoich danych osobowych (art. 16 RODO),<\/li>\n\n\n\n<li>usuni\u0119cia swoich danych osobowych (art. 17 RODO),<\/li>\n\n\n\n<li>ograniczenia przetwarzania swoich danych osobowych, gdy dane s\u0105 nieprawid\u0142owe \u2013do czasu ich sprawdzenia, gdy przetwarzanie jest niezgodne z prawem, a osoba, kt\u00f3rej dane dotycz\u0105 sprzeciwia si\u0119 ich usuni\u0119ciu lub gdy Administrator nie potrzebuje ju\u017c danych, a osoba, kt\u00f3rej dane dotycz\u0105 potrzebuje ich do ustalenia, dochodzenia i obrony roszcze\u0144 (art. 18 RODO)<\/li>\n\n\n\n<li>przenoszenia swoich danych osobowych (art. 20 RODO),<\/li>\n\n\n\n<li>wniesienia sprzeciwu wobec przetwarzania swoich danych osobowych na przetwarzanie w celach wynikaj\u0105cych z prawnie uzasadnionych interes\u00f3w administratora, w szczeg\u00f3lno\u015bci marketingu bezpo\u015bredniego i wobec dokonanego w tych celach profilowania (art. 21 RODO).,<\/li>\n\n\n\n<li>cofni\u0119cia zgody na przetwarzanie danych osobowych w sytuacji, gdy stanowi ona podstaw\u0119 przetwarzania danych, co nie wp\u0142ywa jednak na zgodno\u015b\u0107 z prawem przetwarzania, kt\u00f3rego dokonano na podstawie zgody przed jej wycofaniem (art. 7 ust. 3 RODO),<\/li>\n<\/ul>\n<\/li>\n\n\n\n<li>Wi\u0119cej informacji o prawach os\u00f3b, kt\u00f3rych dane dotycz\u0105 dost\u0119pne s\u0105 w art.7 oraz12-23 RODO, kt\u00f3rego tekst mo\u017cna znale\u017a\u0107 pod adresem: https:\/\/eur-lex.europa.eu\/legal-content\/PL\/TXT\/?uri=CELEX%3A32016R0679.<\/li>\n\n\n\n<li>Osoba, kt\u00f3rej dane dotycz\u0105 ma prawo wnie\u015b\u0107 skarg\u0119 do organu nadzoru \u2013Prezesa Urz\u0119du Ochrony Danych Osobowych, ul. Stawki 2, 00-193 Warszawa, je\u015bli uznaj\u0105 Pa\u0144stwo, \u017ce przetwarzanie danych osobowych dotycz\u0105cych Pa\u0144stwa narusza przepisy RODO. Wi\u0119cej informacji dotycz\u0105cych tego uprawnienia dost\u0119pne pod adresem: https:\/\/uodo.gov.pl\/pl\/p\/skargi.<\/li>\n\n\n\n<li>Administrator zastrzega sobie prawo do wprowadzania zmian w Polityce Prywatno\u015bci, w szczeg\u00f3lno\u015bci w celu jej dostosowania do wymog\u00f3w okre\u015blonych obowi\u0105zuj\u0105cymi przepisami prawa, informuj\u0105c o dokonanych zmianach w serwisie.<\/li>\n<\/ol>\n\n\n\n<p><\/p>\n\n\n\n<p><\/p>\n\n\n\n<p><\/p>\n\n\n\n<p><\/p>\n\n\n\n<p><\/p>\n\n\n\n<p><\/p>\n\n\n\n<p><\/p>\n\n\n\n<p><\/p>\n\n\n\n<p><\/p>\n\n\n\n<p><\/p>\n\n\n\n<p><\/p>\n\n\n\n<p><\/p>\n\n\n\n<p><\/p>\n\n\n\n<p><\/p>\n","protected":false},"excerpt":{"rendered":"<p>Na&nbsp; podstawie&nbsp; art.&nbsp; 13 Rozporz\u0105dzenia Parlamentu Europejskiego i Rady (UE) 2016\/679 z dnia&nbsp; 27 kwietnia 2016 r. w sprawie ochrony [&hellip;]<\/p>\n","protected":false},"author":1,"featured_media":0,"parent":0,"menu_order":0,"comment_status":"closed","ping_status":"open","template":"","meta":{"site-sidebar-layout":"default","site-content-layout":"","ast-site-content-layout":"default","site-content-style":"default","site-sidebar-style":"default","ast-global-header-display":"","ast-banner-title-visibility":"","ast-main-header-display":"","ast-hfb-above-header-display":"","ast-hfb-below-header-display":"","ast-hfb-mobile-header-display":"","site-post-title":"","ast-breadcrumbs-content":"","ast-featured-img":"","footer-sml-layout":"","ast-disable-related-posts":"","theme-transparent-header-meta":"","adv-header-id-meta":"","stick-header-meta":"","header-above-stick-meta":"","header-main-stick-meta":"","header-below-stick-meta":"","astra-migrate-meta-layouts":"default","ast-page-background-enabled":"default","ast-page-background-meta":{"desktop":{"background-color":"var(--ast-global-color-5)","background-image":"","background-repeat":"repeat","background-position":"center center","background-size":"auto","background-attachment":"scroll","background-type":"","background-media":"","overlay-type":"","overlay-color":"","overlay-opacity":"","overlay-gradient":""},"tablet":{"background-color":"","background-image":"","background-repeat":"repeat","background-position":"center center","background-size":"auto","background-attachment":"scroll","background-type":"","background-media":"","overlay-type":"","overlay-color":"","overlay-opacity":"","overlay-gradient":""},"mobile":{"background-color":"","background-image":"","background-repeat":"repeat","background-position":"center center","background-size":"auto","background-attachment":"scroll","background-type":"","background-media":"","overlay-type":"","overlay-color":"","overlay-opacity":"","overlay-gradient":""}},"ast-content-background-meta":{"desktop":{"background-color":"var(--ast-global-color-4)","background-image":"","background-repeat":"repeat","background-position":"center center","background-size":"auto","background-attachment":"scroll","background-type":"","background-media":"","overlay-type":"","overlay-color":"","overlay-opacity":"","overlay-gradient":""},"tablet":{"background-color":"var(--ast-global-color-4)","background-image":"","background-repeat":"repeat","background-position":"center center","background-size":"auto","background-attachment":"scroll","background-type":"","background-media":"","overlay-type":"","overlay-color":"","overlay-opacity":"","overlay-gradient":""},"mobile":{"background-color":"var(--ast-global-color-4)","background-image":"","background-repeat":"repeat","background-position":"center center","background-size":"auto","background-attachment":"scroll","background-type":"","background-media":"","overlay-type":"","overlay-color":"","overlay-opacity":"","overlay-gradient":""}},"footnotes":""},"class_list":["post-3","page","type-page","status-publish","hentry"],"_links":{"self":[{"href":"https:\/\/radca-wrzosek.pl\/index.php?rest_route=\/wp\/v2\/pages\/3","targetHints":{"allow":["GET"]}}],"collection":[{"href":"https:\/\/radca-wrzosek.pl\/index.php?rest_route=\/wp\/v2\/pages"}],"about":[{"href":"https:\/\/radca-wrzosek.pl\/index.php?rest_route=\/wp\/v2\/types\/page"}],"author":[{"embeddable":true,"href":"https:\/\/radca-wrzosek.pl\/index.php?rest_route=\/wp\/v2\/users\/1"}],"replies":[{"embeddable":true,"href":"https:\/\/radca-wrzosek.pl\/index.php?rest_route=%2Fwp%2Fv2%2Fcomments&post=3"}],"version-history":[{"count":2,"href":"https:\/\/radca-wrzosek.pl\/index.php?rest_route=\/wp\/v2\/pages\/3\/revisions"}],"predecessor-version":[{"id":165,"href":"https:\/\/radca-wrzosek.pl\/index.php?rest_route=\/wp\/v2\/pages\/3\/revisions\/165"}],"wp:attachment":[{"href":"https:\/\/radca-wrzosek.pl\/index.php?rest_route=%2Fwp%2Fv2%2Fmedia&parent=3"}],"curies":[{"name":"wp","href":"https:\/\/api.w.org\/{rel}","templated":true}]}}